{"id":20,"date":"2016-10-22T17:49:19","date_gmt":"2016-10-22T15:49:19","guid":{"rendered":"http:\/\/lamaisondantoine.fr\/?page_id=20"},"modified":"2017-06-28T22:15:23","modified_gmt":"2017-06-28T20:15:23","slug":"sejour","status":"publish","type":"page","link":"https:\/\/lamaisondantoine.fr\/index.php\/fr\/sejour\/","title":{"rendered":"S\u00e9jour"},"content":{"rendered":"<p>Le d\u00e9partement des Pyr\u00e9n\u00e9es Orientales est r\u00e9put\u00e9 pour la richesse de ses paysages et de son patrimoine, voici quelques suggestions que nous vous proposons \u00e0 titre indicatif.<br \/>\nSachez que pour plus d\u2019informations, l\u2019office du Tourisme de Rivesaltes se trouve en face de notre demeure.<\/p>\n<p>&nbsp;<\/p>\n<table style=\"height: 200px;\">\n<tbody>\n<tr>\n<td style=\"width: 25%; padding-left: 0%; text-align: left; vertical-align: top;\"><img loading=\"lazy\" class=\"alignnone wp-image-206 size-thumbnail\" src=\"http:\/\/lamaisondantoine.fr\/wp-content\/uploads\/2016\/10\/Chateau-Queribus-150x150.jpg\" alt=\"\" width=\"150\" height=\"150\"><\/td>\n<td><strong><em>La d\u00e9couverte des ch\u00e2teaux Cathares<\/em><\/strong><br \/>\nNotamment le ch\u00e2teau d\u2019Aguilar, de Qu\u00e9ribus et de Peyrepertuse. (moins d\u2019une heure de route)&nbsp;<\/td>\n<\/tr>\n<\/tbody>\n<\/table>\n<p>&nbsp;<\/p>\n<table style=\"height: 200px;\">\n<tbody>\n<tr style=\"height: 26px;\">\n<td style=\"height: 26px;\"><i style=\"font-family: inherit; font-size: inherit;\"><strong>Salses le ch\u00e2teau<\/strong><br \/>\nLa forteresse du XVI \u00e8me si\u00e8cle situ\u00e9e entre les \u00e9tangs de Salses et les Corbi\u00e8res (10 min), un site charg\u00e9 d&rsquo;histoire&#8230;<\/i><\/td>\n<td style=\"height: 26px; width: 25%; padding-right: 0%; text-align: right; vertical-align: top;\"><img loading=\"lazy\" class=\"alignnone wp-image-211 size-thumbnail\" src=\"http:\/\/lamaisondantoine.fr\/wp-content\/uploads\/2016\/10\/Salses-le-Chateau-150x150.jpg\" alt=\"\" width=\"150\" height=\"150\"><\/td>\n<\/tr>\n<\/tbody>\n<\/table>\n<p>&nbsp;<\/p>\n<table style=\"height: 200px;\">\n<tbody>\n<tr>\n<td style=\"width: 25%; padding-left: 0%; text-align: left; vertical-align: top;\"><img loading=\"lazy\" class=\"alignnone wp-image-212 size-thumbnail\" src=\"http:\/\/lamaisondantoine.fr\/wp-content\/uploads\/2016\/10\/Vignoble_Rivesaltes-150x150.jpg\" alt=\"\" width=\"150\" height=\"150\"><\/td>\n<td><strong><em>Les vignobles et de nombreux domaines viticoles<\/em><\/strong><br \/>\nVous pourrez d\u00e9couvrir les c\u00e9l\u00e8bres vins doux \u00e9labor\u00e9s \u00e0 partir de Muscat ou de Grenache et de nombreuses appellations comme Collioure, Maury, Banyuls, Rivesaltes, Muscat de Rivesaltes et C\u00f4tes du Roussillon.&nbsp;<\/td>\n<\/tr>\n<\/tbody>\n<\/table>\n<p>&nbsp;<\/p>\n<table style=\"height: 200px;\">\n<tbody>\n<tr style=\"height: 26px;\">\n<td style=\"height: 26px;\"><i style=\"font-family: inherit; font-size: inherit;\"><strong>Les sites remarquables en bord de mer et les stations baln\u00e9aires<\/strong><br \/>\nLe Barcar\u00e8s, Canet, Saint Cyprien, Argel\u00e8s, Collioure, Banyuls, le site de Paulilles,Port Vendres, \u2026 <\/i><\/td>\n<td style=\"height: 26px; width: 25%; padding-right: 0%; text-align: right; vertical-align: top;\"><img loading=\"lazy\" class=\"alignnone wp-image-210 size-thumbnail\" src=\"http:\/\/lamaisondantoine.fr\/wp-content\/uploads\/2016\/10\/Port-Vendres-150x150.jpg\" alt=\"\" width=\"150\" height=\"150\"><\/td>\n<\/tr>\n<\/tbody>\n<\/table>\n<p>&nbsp;<\/p>\n<table style=\"height: 200px;\">\n<tbody>\n<tr>\n<td style=\"width: 25%; padding-left: 0%; text-align: left; vertical-align: top;\"><img loading=\"lazy\" class=\"alignnone wp-image-209 size-thumbnail\" src=\"http:\/\/lamaisondantoine.fr\/wp-content\/uploads\/2016\/10\/Perpignan-150x150.jpg\" alt=\"\" width=\"150\" height=\"150\"><\/td>\n<td><strong><em>La ville de Perpignan et ses richesses historiques et culturelles<\/em><\/strong><br \/>\nLe Castillet, Le Palais des rois de Majorque, la cath\u00e9drale St Jean, \u2026<\/td>\n<\/tr>\n<\/tbody>\n<\/table>\n<p>&nbsp;<\/p>\n<table style=\"height: 200px;\">\n<tbody>\n<tr style=\"height: 26px;\">\n<td style=\"height: 26px;\"><strong><em>Des sites naturels dans l\u2019arri\u00e8re pays<\/em><\/strong><br \/>\nLes Orgues d\u2019Illes sur t\u00eat, Tautavel et son mus\u00e9e de la pr\u00e9histoire, les gorges de Galamus et son Hermitage, les grottes des Canalettes,\u2026<\/td>\n<td style=\"height: 26px; width: 25%; padding-right: 0%; text-align: right; vertical-align: top;\"><img loading=\"lazy\" class=\"alignnone wp-image-208 size-thumbnail\" src=\"http:\/\/lamaisondantoine.fr\/wp-content\/uploads\/2016\/10\/Orgues-dille-150x150.jpg\" alt=\"\" width=\"150\" height=\"150\"><\/td>\n<\/tr>\n<\/tbody>\n<\/table>\n<p>&nbsp;<\/p>\n<table style=\"height: 200px;\">\n<tbody>\n<tr>\n<td style=\"width: 25%; padding-left: 0%; text-align: left; vertical-align: top;\"><img loading=\"lazy\" class=\"alignnone wp-image-205 size-thumbnail\" src=\"http:\/\/lamaisondantoine.fr\/wp-content\/uploads\/2016\/10\/Castelnou-150x150.jpg\" alt=\"\" width=\"150\" height=\"150\"><\/td>\n<td><strong><em>Des villages charg\u00e9s d\u2019histoire<\/em><\/strong><br \/>\nCastelnou, Eus, Villefranche de Conflent, Mosset, Evol, C\u00e9ret, Cucugnan, Thuir, &#8230;<\/td>\n<\/tr>\n<\/tbody>\n<\/table>\n<p>&nbsp;<\/p>\n<table style=\"height: 200px;\">\n<tbody>\n<tr style=\"height: 26px;\">\n<td style=\"height: 26px;\"><em><strong>Les massifs pyr\u00e9n\u00e9ens et son c\u00e9l\u00e8bre Canigou<\/strong><\/em><br \/>\nCes sites de moyenne montagne vous permettront de pratiquer de nombreuses activit\u00e9s: randonn\u00e9es, ski, sources d\u2019eaux chaudes, canyoning, &#8230;&nbsp;<\/td>\n<td style=\"height: 26px; width: 25%; padding-right: 0%; text-align: right; vertical-align: top;\"><img loading=\"lazy\" class=\"alignnone wp-image-207 size-thumbnail\" src=\"http:\/\/lamaisondantoine.fr\/wp-content\/uploads\/2016\/10\/Massif-Pyreneen-150x150.jpg\" alt=\"\" width=\"150\" height=\"150\"><\/td>\n<\/tr>\n<\/tbody>\n<\/table>\n<p>&nbsp;<\/p>\n<table style=\"height: 200px;\">\n<tbody>\n<tr>\n<td style=\"width: 25%; padding-left: 0%; text-align: left; vertical-align: top;\"><img loading=\"lazy\" class=\"alignnone wp-image-204 size-thumbnail\" src=\"http:\/\/lamaisondantoine.fr\/wp-content\/uploads\/2016\/10\/Barcelone-150x150.jpg\" alt=\"\" width=\"150\" height=\"150\"><\/td>\n<td><em><strong>L\u2019Espagne \u00e0 50 minutes<\/strong><\/em><br \/>\nGerone, Figueres, Cadaqu\u00e8s, La Costa Brava, Le Cap de Creus, Barcelone,..<\/td>\n<\/tr>\n<\/tbody>\n<\/table>\n<p>&nbsp;<\/p>\n<table style=\"height: 200px;\">\n<tbody>\n<tr style=\"height: 26px;\">\n<td style=\"height: 26px;\">Vous pourrez trouver les animations du moment sur le site de la commune et du d\u00e9partement.<\/p>\n<p><a href=\"http:\/\/www.tourisme-rivesaltes.fr\/\">http:\/\/www.tourisme-rivesaltes.fr\/<\/a><\/p>\n<p><a href=\"http:\/\/www.tourisme-pyreneesorientales.com\">http:\/\/www.tourisme-pyreneesorientales.com<\/a><\/td>\n<td style=\"height: 26px; width: 25%; padding-right: 0%; text-align: right; vertical-align: top;\"><span style=\"font-size: 18px;\"><img loading=\"lazy\" class=\"alignnone wp-image-221 size-thumbnail\" src=\"http:\/\/lamaisondantoine.fr\/wp-content\/uploads\/2016\/10\/Drapeau-Catalan-150x150.jpg\" alt=\"\" width=\"150\" height=\"150\"><\/span><\/td>\n<\/tr>\n<\/tbody>\n<\/table>\n","protected":false},"excerpt":{"rendered":"<p>Le d\u00e9partement des Pyr\u00e9n\u00e9es Orientales est r\u00e9put\u00e9 pour la richesse de ses paysages et de son patrimoine, voici quelques suggestions que nous vous proposons \u00e0 titre indicatif. Sachez que pour plus d\u2019informations, l\u2019office du Tourisme de Rivesaltes se trouve en face de notre demeure. &nbsp; La d\u00e9couverte des ch\u00e2teaux Cathares Notamment le ch\u00e2teau d\u2019Aguilar, de&#8230;<\/p>\n","protected":false},"author":1,"featured_media":0,"parent":0,"menu_order":4,"comment_status":"closed","ping_status":"closed","template":"","meta":[],"_links":{"self":[{"href":"https:\/\/lamaisondantoine.fr\/index.php\/wp-json\/wp\/v2\/pages\/20"}],"collection":[{"href":"https:\/\/lamaisondantoine.fr\/index.php\/wp-json\/wp\/v2\/pages"}],"about":[{"href":"https:\/\/lamaisondantoine.fr\/index.php\/wp-json\/wp\/v2\/types\/page"}],"author":[{"embeddable":true,"href":"https:\/\/lamaisondantoine.fr\/index.php\/wp-json\/wp\/v2\/users\/1"}],"replies":[{"embeddable":true,"href":"https:\/\/lamaisondantoine.fr\/index.php\/wp-json\/wp\/v2\/comments?post=20"}],"version-history":[{"count":10,"href":"https:\/\/lamaisondantoine.fr\/index.php\/wp-json\/wp\/v2\/pages\/20\/revisions"}],"predecessor-version":[{"id":222,"href":"https:\/\/lamaisondantoine.fr\/index.php\/wp-json\/wp\/v2\/pages\/20\/revisions\/222"}],"wp:attachment":[{"href":"https:\/\/lamaisondantoine.fr\/index.php\/wp-json\/wp\/v2\/media?parent=20"}],"curies":[{"name":"wp","href":"https:\/\/api.w.org\/{rel}","templated":true}]}}