{"id":16,"date":"2016-10-22T17:48:55","date_gmt":"2016-10-22T15:48:55","guid":{"rendered":"http:\/\/lamaisondantoine.fr\/?page_id=16"},"modified":"2017-06-28T21:29:27","modified_gmt":"2017-06-28T19:29:27","slug":"nos-services","status":"publish","type":"page","link":"https:\/\/lamaisondantoine.fr\/index.php\/fr\/nos-services\/","title":{"rendered":"Nos services"},"content":{"rendered":"<table style=\"height: 200px;\">\n<tbody>\n<tr>\n<td style=\"width: 25%; padding-left: 0%; text-align: left; vertical-align: top;\"><img loading=\"lazy\" class=\"alignnone size-thumbnail wp-image-78\" src=\"http:\/\/lamaisondantoine.fr\/wp-content\/uploads\/2016\/10\/petit-dejeuner-150x150.jpg\" alt=\"\" width=\"150\" height=\"150\"><\/td>\n<td><span style=\"font-size: 14pt;\"><strong>Le petit d\u00e9jeuner<\/strong><\/span><\/p>\n<p>Le petit d\u00e9jeuner est servi dans la salle \u00e0 manger ou dans le jardin \u00e0 partir de 8h00 et jusqu\u2019\u00e0 10h30. Vous pourrez y d\u00e9couvrir des produits r\u00e9gionaux , des confitures et des p\u00e2tisseries maison r\u00e9alis\u00e9es \u00e0 partir de produits bio.<\/p>\n<p><i>Compris dans le prix de la chambre d\u2019h\u00f4tes<\/i><\/td>\n<\/tr>\n<\/tbody>\n<\/table>\n<table style=\"height: 200px;\">\n<tbody>\n<tr style=\"height: 26px;\">\n<td style=\"height: 26px;\"><span style=\"font-size: 14pt;\"><strong>La table d\u2019h\u00f4tes<\/strong><\/span><\/p>\n<p>Nous vous proposons de d\u00e9guster autour de notre table dans un&nbsp;moment convivial, un menu de saison cuisin\u00e9 \u00e0 partir de produits bio et inspir\u00e9 des plats typiques de notre&nbsp;r\u00e9gion.<\/p>\n<p><i>25\u20ac par personne, sur r\u00e9servation.<\/i><\/td>\n<td style=\"height: 26px; width: 25%; padding-right: 0%; text-align: right; vertical-align: top;\"><img loading=\"lazy\" class=\"alignnone size-thumbnail wp-image-80\" src=\"http:\/\/lamaisondantoine.fr\/wp-content\/uploads\/2016\/10\/assiette-150x150.jpg\" alt=\"\" width=\"150\" height=\"150\"><\/td>\n<\/tr>\n<\/tbody>\n<\/table>\n","protected":false},"excerpt":{"rendered":"<p>Le petit d\u00e9jeuner Le petit d\u00e9jeuner est servi dans la salle \u00e0 manger ou dans le jardin \u00e0 partir de 8h00 et jusqu\u2019\u00e0 10h30. Vous pourrez y d\u00e9couvrir des produits r\u00e9gionaux , des confitures et des p\u00e2tisseries maison r\u00e9alis\u00e9es \u00e0 partir de produits bio. Compris dans le prix de la chambre d\u2019h\u00f4tes La table d\u2019h\u00f4tes&#8230;<\/p>\n","protected":false},"author":1,"featured_media":0,"parent":0,"menu_order":2,"comment_status":"closed","ping_status":"closed","template":"","meta":[],"_links":{"self":[{"href":"https:\/\/lamaisondantoine.fr\/index.php\/wp-json\/wp\/v2\/pages\/16"}],"collection":[{"href":"https:\/\/lamaisondantoine.fr\/index.php\/wp-json\/wp\/v2\/pages"}],"about":[{"href":"https:\/\/lamaisondantoine.fr\/index.php\/wp-json\/wp\/v2\/types\/page"}],"author":[{"embeddable":true,"href":"https:\/\/lamaisondantoine.fr\/index.php\/wp-json\/wp\/v2\/users\/1"}],"replies":[{"embeddable":true,"href":"https:\/\/lamaisondantoine.fr\/index.php\/wp-json\/wp\/v2\/comments?post=16"}],"version-history":[{"count":10,"href":"https:\/\/lamaisondantoine.fr\/index.php\/wp-json\/wp\/v2\/pages\/16\/revisions"}],"predecessor-version":[{"id":203,"href":"https:\/\/lamaisondantoine.fr\/index.php\/wp-json\/wp\/v2\/pages\/16\/revisions\/203"}],"wp:attachment":[{"href":"https:\/\/lamaisondantoine.fr\/index.php\/wp-json\/wp\/v2\/media?parent=16"}],"curies":[{"name":"wp","href":"https:\/\/api.w.org\/{rel}","templated":true}]}}