{"id":137,"date":"2017-05-25T18:44:34","date_gmt":"2017-05-25T16:44:34","guid":{"rendered":"http:\/\/lamaisondantoine.fr\/?page_id=137"},"modified":"2017-05-25T18:55:54","modified_gmt":"2017-05-25T16:55:54","slug":"sejour-uk","status":"publish","type":"page","link":"https:\/\/lamaisondantoine.fr\/index.php\/en\/sejour-uk\/","title":{"rendered":"Sejour UK"},"content":{"rendered":"<table style=\"height: 200px;\">\n<tbody>\n<tr>\n<td>Le d\u00e9partement des Pyr\u00e9n\u00e9es Orientales est r\u00e9put\u00e9 pour la richesse de son patrimoine, voici quelques suggestions que nous vous proposons \u00e0 titre indicatif.<\/p>\n<p>Sachez que pour plus d\u2019informations l\u2019office du Tourisme de Rivesaltes se trouve en face de notre demeure.<\/p>\n<p><a href=\"http:\/\/www.tourisme-rivesaltes.fr\/\">Office du tourisme de Rivesaltes<\/a><\/td>\n<td style=\"width: 25%; padding-right: 0%; text-align: right; vertical-align: top;\"><img loading=\"lazy\" class=\"alignnone size-thumbnail wp-image-88\" src=\"http:\/\/lamaisondantoine.fr\/wp-content\/uploads\/2016\/10\/Pyrenees-Orientales-drapeau-150x150.png\" alt=\"\" width=\"150\" height=\"150\"><\/td>\n<\/tr>\n<\/tbody>\n<\/table>\n","protected":false},"excerpt":{"rendered":"<p>Le d\u00e9partement des Pyr\u00e9n\u00e9es Orientales est r\u00e9put\u00e9 pour la richesse de son patrimoine, voici quelques suggestions que nous vous proposons \u00e0 titre indicatif. Sachez que pour plus d\u2019informations l\u2019office du Tourisme de Rivesaltes se trouve en face de notre demeure. Office du tourisme de Rivesaltes<\/p>\n","protected":false},"author":1,"featured_media":0,"parent":0,"menu_order":4,"comment_status":"closed","ping_status":"closed","template":"","meta":[],"_links":{"self":[{"href":"https:\/\/lamaisondantoine.fr\/index.php\/wp-json\/wp\/v2\/pages\/137"}],"collection":[{"href":"https:\/\/lamaisondantoine.fr\/index.php\/wp-json\/wp\/v2\/pages"}],"about":[{"href":"https:\/\/lamaisondantoine.fr\/index.php\/wp-json\/wp\/v2\/types\/page"}],"author":[{"embeddable":true,"href":"https:\/\/lamaisondantoine.fr\/index.php\/wp-json\/wp\/v2\/users\/1"}],"replies":[{"embeddable":true,"href":"https:\/\/lamaisondantoine.fr\/index.php\/wp-json\/wp\/v2\/comments?post=137"}],"version-history":[{"count":2,"href":"https:\/\/lamaisondantoine.fr\/index.php\/wp-json\/wp\/v2\/pages\/137\/revisions"}],"predecessor-version":[{"id":156,"href":"https:\/\/lamaisondantoine.fr\/index.php\/wp-json\/wp\/v2\/pages\/137\/revisions\/156"}],"wp:attachment":[{"href":"https:\/\/lamaisondantoine.fr\/index.php\/wp-json\/wp\/v2\/media?parent=137"}],"curies":[{"name":"wp","href":"https:\/\/api.w.org\/{rel}","templated":true}]}}