{"id":123,"date":"2017-05-25T17:02:16","date_gmt":"2017-05-25T15:02:16","guid":{"rendered":"http:\/\/lamaisondantoine.fr\/?page_id=123"},"modified":"2017-05-25T18:51:22","modified_gmt":"2017-05-25T16:51:22","slug":"la-sala-de-jardin","status":"publish","type":"page","link":"https:\/\/lamaisondantoine.fr\/index.php\/es\/dormitorios\/la-sala-de-jardin\/","title":{"rendered":"La sala de jard\u00edn"},"content":{"rendered":"<table>\n<tbody>\n<tr>\n<td style=\"text-align: center;\"><img loading=\"lazy\" class=\"alignnone size-thumbnail wp-image-23\" src=\"http:\/\/lamaisondantoine.fr\/wp-content\/uploads\/2016\/10\/logo-web-150x150.jpg\" alt=\"\" width=\"150\" height=\"150\" srcset=\"https:\/\/lamaisondantoine.fr\/wp-content\/uploads\/2016\/10\/logo-web-150x150.jpg 150w, https:\/\/lamaisondantoine.fr\/wp-content\/uploads\/2016\/10\/logo-web-300x300.jpg 300w, https:\/\/lamaisondantoine.fr\/wp-content\/uploads\/2016\/10\/logo-web-140x140.jpg 140w, https:\/\/lamaisondantoine.fr\/wp-content\/uploads\/2016\/10\/logo-web.jpg 512w\" sizes=\"(max-width: 150px) 100vw, 150px\" \/><\/td>\n<td style=\"text-align: center;\"><img loading=\"lazy\" class=\"alignnone size-thumbnail wp-image-23\" src=\"http:\/\/lamaisondantoine.fr\/wp-content\/uploads\/2016\/10\/logo-web-150x150.jpg\" alt=\"\" width=\"150\" height=\"150\" srcset=\"https:\/\/lamaisondantoine.fr\/wp-content\/uploads\/2016\/10\/logo-web-150x150.jpg 150w, https:\/\/lamaisondantoine.fr\/wp-content\/uploads\/2016\/10\/logo-web-300x300.jpg 300w, https:\/\/lamaisondantoine.fr\/wp-content\/uploads\/2016\/10\/logo-web-140x140.jpg 140w, https:\/\/lamaisondantoine.fr\/wp-content\/uploads\/2016\/10\/logo-web.jpg 512w\" sizes=\"(max-width: 150px) 100vw, 150px\" \/><\/td>\n<td style=\"text-align: center;\"><img loading=\"lazy\" class=\"alignnone size-thumbnail wp-image-23\" src=\"http:\/\/lamaisondantoine.fr\/wp-content\/uploads\/2016\/10\/logo-web-150x150.jpg\" alt=\"\" width=\"150\" height=\"150\" srcset=\"https:\/\/lamaisondantoine.fr\/wp-content\/uploads\/2016\/10\/logo-web-150x150.jpg 150w, https:\/\/lamaisondantoine.fr\/wp-content\/uploads\/2016\/10\/logo-web-300x300.jpg 300w, https:\/\/lamaisondantoine.fr\/wp-content\/uploads\/2016\/10\/logo-web-140x140.jpg 140w, https:\/\/lamaisondantoine.fr\/wp-content\/uploads\/2016\/10\/logo-web.jpg 512w\" sizes=\"(max-width: 150px) 100vw, 150px\" \/><\/td>\n<\/tr>\n<\/tbody>\n<\/table>\n<table style=\"background-color: #f0f0f0;\" cellpadding=\"10px\">\n<tbody>\n<tr>\n<td style=\"width: 250px; text-align: left; padding-left: 30px;\">Surface: chambre 30m\u00b2<br \/>\nSalle d\u2019eau 15 m\u00b2 avec wc<br \/>\nLiterie: 160 X 200 cm 7 zones de confort<br \/>\nClimatisation<br \/>\nTV, Wi-fi<br \/>\n<strong>Tarif: 90 \u20ac la nuit<\/strong><\/td>\n<td style=\"vertical-align: middle; text-align: justify;\"><strong>Cette chambre au style actuel donne sur le jardin et la cour int\u00e9rieure de la maison.<\/strong><\/p>\n<p><strong>Orient\u00e9e \u00e0 l\u2019Est elle est baign\u00e9e de soleil d\u00e8s les premi\u00e8res heures de la journ\u00e9e.<\/strong><\/p>\n<p><strong>T\u00e9l\u00e9vision, salle d\u2019eau, douche, toilettes.<\/strong><\/td>\n<\/tr>\n<\/tbody>\n<\/table>\n","protected":false},"excerpt":{"rendered":"<p>Surface: chambre 30m\u00b2 Salle d\u2019eau 15 m\u00b2 avec wc Literie: 160 X 200 cm 7 zones de confort Climatisation TV, Wi-fi Tarif: 90 \u20ac la nuit Cette chambre au style actuel donne sur le jardin et la cour int\u00e9rieure de la maison. Orient\u00e9e \u00e0 l\u2019Est elle est baign\u00e9e de soleil d\u00e8s les premi\u00e8res heures de&#8230;<\/p>\n","protected":false},"author":1,"featured_media":0,"parent":115,"menu_order":2,"comment_status":"closed","ping_status":"closed","template":"","meta":[],"_links":{"self":[{"href":"https:\/\/lamaisondantoine.fr\/index.php\/wp-json\/wp\/v2\/pages\/123"}],"collection":[{"href":"https:\/\/lamaisondantoine.fr\/index.php\/wp-json\/wp\/v2\/pages"}],"about":[{"href":"https:\/\/lamaisondantoine.fr\/index.php\/wp-json\/wp\/v2\/types\/page"}],"author":[{"embeddable":true,"href":"https:\/\/lamaisondantoine.fr\/index.php\/wp-json\/wp\/v2\/users\/1"}],"replies":[{"embeddable":true,"href":"https:\/\/lamaisondantoine.fr\/index.php\/wp-json\/wp\/v2\/comments?post=123"}],"version-history":[{"count":2,"href":"https:\/\/lamaisondantoine.fr\/index.php\/wp-json\/wp\/v2\/pages\/123\/revisions"}],"predecessor-version":[{"id":146,"href":"https:\/\/lamaisondantoine.fr\/index.php\/wp-json\/wp\/v2\/pages\/123\/revisions\/146"}],"up":[{"embeddable":true,"href":"https:\/\/lamaisondantoine.fr\/index.php\/wp-json\/wp\/v2\/pages\/115"}],"wp:attachment":[{"href":"https:\/\/lamaisondantoine.fr\/index.php\/wp-json\/wp\/v2\/media?parent=123"}],"curies":[{"name":"wp","href":"https:\/\/api.w.org\/{rel}","templated":true}]}}