{"id":117,"date":"2017-05-25T16:59:44","date_gmt":"2017-05-25T14:59:44","guid":{"rendered":"http:\/\/lamaisondantoine.fr\/?page_id=117"},"modified":"2017-05-25T18:50:58","modified_gmt":"2017-05-25T16:50:58","slug":"la-chambre-dalexis","status":"publish","type":"page","link":"https:\/\/lamaisondantoine.fr\/index.php\/en\/bedrooms\/la-chambre-dalexis\/","title":{"rendered":"La chambre d\u2019Alexis UK"},"content":{"rendered":"<table>\n<tbody>\n<tr>\n<td style=\"text-align: center;\"><img loading=\"lazy\" class=\"alignnone size-thumbnail wp-image-23\" src=\"http:\/\/lamaisondantoine.fr\/wp-content\/uploads\/2016\/10\/logo-web-150x150.jpg\" alt=\"\" width=\"150\" height=\"150\" srcset=\"https:\/\/lamaisondantoine.fr\/wp-content\/uploads\/2016\/10\/logo-web-150x150.jpg 150w, https:\/\/lamaisondantoine.fr\/wp-content\/uploads\/2016\/10\/logo-web-300x300.jpg 300w, https:\/\/lamaisondantoine.fr\/wp-content\/uploads\/2016\/10\/logo-web-140x140.jpg 140w, https:\/\/lamaisondantoine.fr\/wp-content\/uploads\/2016\/10\/logo-web.jpg 512w\" sizes=\"(max-width: 150px) 100vw, 150px\" \/><\/td>\n<td style=\"text-align: center;\"><img loading=\"lazy\" class=\"alignnone size-thumbnail wp-image-23\" src=\"http:\/\/lamaisondantoine.fr\/wp-content\/uploads\/2016\/10\/logo-web-150x150.jpg\" alt=\"\" width=\"150\" height=\"150\" srcset=\"https:\/\/lamaisondantoine.fr\/wp-content\/uploads\/2016\/10\/logo-web-150x150.jpg 150w, https:\/\/lamaisondantoine.fr\/wp-content\/uploads\/2016\/10\/logo-web-300x300.jpg 300w, https:\/\/lamaisondantoine.fr\/wp-content\/uploads\/2016\/10\/logo-web-140x140.jpg 140w, https:\/\/lamaisondantoine.fr\/wp-content\/uploads\/2016\/10\/logo-web.jpg 512w\" sizes=\"(max-width: 150px) 100vw, 150px\" \/><\/td>\n<td style=\"text-align: center;\"><img loading=\"lazy\" class=\"alignnone size-thumbnail wp-image-23\" src=\"http:\/\/lamaisondantoine.fr\/wp-content\/uploads\/2016\/10\/logo-web-150x150.jpg\" alt=\"\" width=\"150\" height=\"150\" srcset=\"https:\/\/lamaisondantoine.fr\/wp-content\/uploads\/2016\/10\/logo-web-150x150.jpg 150w, https:\/\/lamaisondantoine.fr\/wp-content\/uploads\/2016\/10\/logo-web-300x300.jpg 300w, https:\/\/lamaisondantoine.fr\/wp-content\/uploads\/2016\/10\/logo-web-140x140.jpg 140w, https:\/\/lamaisondantoine.fr\/wp-content\/uploads\/2016\/10\/logo-web.jpg 512w\" sizes=\"(max-width: 150px) 100vw, 150px\" \/><\/td>\n<\/tr>\n<\/tbody>\n<\/table>\n<table style=\"background-color: #f0f0f0;\" cellpadding=\"10px\">\n<tbody>\n<tr>\n<td style=\"width: 250px; text-align: left; padding-left: 30px;\"><span style=\"font-size: 10pt;\">Surfaces: chambre 30m\u00b2<\/span><br \/>\n<span style=\"font-size: 10pt;\">Salle d\u2019eau 15 m\u00b2 avec wc<\/span><br \/>\n<span style=\"font-size: 10pt;\">Literie: Matelas 7 zones de confort<br \/>\n160 X 200 cm<\/span><br \/>\n<span style=\"font-size: 10pt;\">Climatisation<\/span><br \/>\n<span style=\"font-size: 10pt;\">Wi-fi, TV<\/span><br \/>\n<span style=\"font-size: 10pt;\"><strong>Tarif: 90 \u20ac la nuit<\/strong><\/span><\/td>\n<td style=\"vertical-align: middle; text-align: justify;\"><strong>Cette chambre a conserv\u00e9 son style fin XIX\u00e8me, avec sa chemin\u00e9e et ses corniches d&rsquo;origine.<\/strong><\/p>\n<p><strong>Salle d\u2019eau, douche, toilettes.<\/strong><\/td>\n<\/tr>\n<\/tbody>\n<\/table>\n","protected":false},"excerpt":{"rendered":"<p>Surfaces: chambre 30m\u00b2 Salle d\u2019eau 15 m\u00b2 avec wc Literie: Matelas 7 zones de confort 160 X 200 cm Climatisation Wi-fi, TV Tarif: 90 \u20ac la nuit Cette chambre a conserv\u00e9 son style fin XIX\u00e8me, avec sa chemin\u00e9e et ses corniches d&rsquo;origine. Salle d\u2019eau, douche, toilettes.<\/p>\n","protected":false},"author":1,"featured_media":0,"parent":113,"menu_order":1,"comment_status":"closed","ping_status":"closed","template":"","meta":[],"_links":{"self":[{"href":"https:\/\/lamaisondantoine.fr\/index.php\/wp-json\/wp\/v2\/pages\/117"}],"collection":[{"href":"https:\/\/lamaisondantoine.fr\/index.php\/wp-json\/wp\/v2\/pages"}],"about":[{"href":"https:\/\/lamaisondantoine.fr\/index.php\/wp-json\/wp\/v2\/types\/page"}],"author":[{"embeddable":true,"href":"https:\/\/lamaisondantoine.fr\/index.php\/wp-json\/wp\/v2\/users\/1"}],"replies":[{"embeddable":true,"href":"https:\/\/lamaisondantoine.fr\/index.php\/wp-json\/wp\/v2\/comments?post=117"}],"version-history":[{"count":3,"href":"https:\/\/lamaisondantoine.fr\/index.php\/wp-json\/wp\/v2\/pages\/117\/revisions"}],"predecessor-version":[{"id":144,"href":"https:\/\/lamaisondantoine.fr\/index.php\/wp-json\/wp\/v2\/pages\/117\/revisions\/144"}],"up":[{"embeddable":true,"href":"https:\/\/lamaisondantoine.fr\/index.php\/wp-json\/wp\/v2\/pages\/113"}],"wp:attachment":[{"href":"https:\/\/lamaisondantoine.fr\/index.php\/wp-json\/wp\/v2\/media?parent=117"}],"curies":[{"name":"wp","href":"https:\/\/api.w.org\/{rel}","templated":true}]}}