{"id":108,"date":"2017-05-25T16:55:18","date_gmt":"2017-05-25T14:55:18","guid":{"rendered":"http:\/\/lamaisondantoine.fr\/?page_id=108"},"modified":"2017-05-25T18:56:20","modified_gmt":"2017-05-25T16:56:20","slug":"welcome","status":"publish","type":"page","link":"https:\/\/lamaisondantoine.fr\/index.php\/en\/welcome\/","title":{"rendered":"Welcome"},"content":{"rendered":"<p style=\"text-align: justify;\"><img loading=\"lazy\" class=\"size-large wp-image-34 aligncenter\" src=\"http:\/\/lamaisondantoine.fr\/wp-content\/uploads\/2016\/10\/immobilier-rivesaltes-vignes-canigou-1024x470.jpg\" alt=\"\" width=\"1024\" height=\"470\" srcset=\"https:\/\/lamaisondantoine.fr\/wp-content\/uploads\/2016\/10\/immobilier-rivesaltes-vignes-canigou-1024x470.jpg 1024w, https:\/\/lamaisondantoine.fr\/wp-content\/uploads\/2016\/10\/immobilier-rivesaltes-vignes-canigou-300x138.jpg 300w, https:\/\/lamaisondantoine.fr\/wp-content\/uploads\/2016\/10\/immobilier-rivesaltes-vignes-canigou-768x353.jpg 768w, https:\/\/lamaisondantoine.fr\/wp-content\/uploads\/2016\/10\/immobilier-rivesaltes-vignes-canigou-1260x578.jpg 1260w, https:\/\/lamaisondantoine.fr\/wp-content\/uploads\/2016\/10\/immobilier-rivesaltes-vignes-canigou.jpg 1366w\" sizes=\"(max-width: 1024px) 100vw, 1024px\" \/><br \/>\nAu c\u0153ur du Roussillon, Rivesaltes est une ville de terroir entour\u00e9e des c\u00e9l\u00e8bres vignobles de muscat qui ont fait sa renomm\u00e9e. Transmise de p\u00e8re en fils depuis sa cr\u00e9ation, La maison d\u2019Antoine est une maison de ma\u00eetre datant de la fin du XIX \u00e8me que nous avons restaur\u00e9e afin de proposer des chambres d\u2019h\u00f4tes.<\/p>\n<p style=\"text-align: justify;\">Id\u00e9alement situ\u00e9e entre mer et montagnes, La maison d\u2019Antoine vous permettra de vous reposer et de profiter aussi bien des cotes catalanes&nbsp; que des massifs pyr\u00e9n\u00e9ens.<\/p>\n","protected":false},"excerpt":{"rendered":"<p>Au c\u0153ur du Roussillon, Rivesaltes est une ville de terroir entour\u00e9e des c\u00e9l\u00e8bres vignobles de muscat qui ont fait sa renomm\u00e9e. Transmise de p\u00e8re en fils depuis sa cr\u00e9ation, La maison d\u2019Antoine est une maison de ma\u00eetre datant de la fin du XIX \u00e8me que nous avons restaur\u00e9e afin de proposer des chambres d\u2019h\u00f4tes. Id\u00e9alement&#8230;<\/p>\n","protected":false},"author":1,"featured_media":0,"parent":0,"menu_order":0,"comment_status":"closed","ping_status":"closed","template":"","meta":[],"_links":{"self":[{"href":"https:\/\/lamaisondantoine.fr\/index.php\/wp-json\/wp\/v2\/pages\/108"}],"collection":[{"href":"https:\/\/lamaisondantoine.fr\/index.php\/wp-json\/wp\/v2\/pages"}],"about":[{"href":"https:\/\/lamaisondantoine.fr\/index.php\/wp-json\/wp\/v2\/types\/page"}],"author":[{"embeddable":true,"href":"https:\/\/lamaisondantoine.fr\/index.php\/wp-json\/wp\/v2\/users\/1"}],"replies":[{"embeddable":true,"href":"https:\/\/lamaisondantoine.fr\/index.php\/wp-json\/wp\/v2\/comments?post=108"}],"version-history":[{"count":2,"href":"https:\/\/lamaisondantoine.fr\/index.php\/wp-json\/wp\/v2\/pages\/108\/revisions"}],"predecessor-version":[{"id":158,"href":"https:\/\/lamaisondantoine.fr\/index.php\/wp-json\/wp\/v2\/pages\/108\/revisions\/158"}],"wp:attachment":[{"href":"https:\/\/lamaisondantoine.fr\/index.php\/wp-json\/wp\/v2\/media?parent=108"}],"curies":[{"name":"wp","href":"https:\/\/api.w.org\/{rel}","templated":true}]}}